{"id":954,"date":"2020-04-14T23:33:11","date_gmt":"2020-04-14T23:33:11","guid":{"rendered":"http:\/\/www.abogada-silviasantiago.com\/?page_id=954"},"modified":"2020-04-16T23:14:28","modified_gmt":"2020-04-16T23:14:28","slug":"quien-soy","status":"publish","type":"page","link":"https:\/\/www.abogada-silviasantiago.com\/index.php\/quien-soy\/","title":{"rendered":"\u00bfQui\u00e9n soy?"},"content":{"rendered":"\t\t<div data-elementor-type=\"wp-page\" data-elementor-id=\"954\" class=\"elementor elementor-954\" data-elementor-post-type=\"page\">\n\t\t\t\t\t\t\t\t\t<section class=\"elementor-section elementor-top-section elementor-element elementor-element-5566459 elementor-section-full_width elementor-section-height-min-height elementor-section-height-default elementor-section-items-middle\" data-id=\"5566459\" data-element_type=\"section\" data-settings=\"{&quot;sticky&quot;:&quot;top&quot;,&quot;sticky_on&quot;:[&quot;desktop&quot;,&quot;tablet&quot;,&quot;mobile&quot;],&quot;sticky_offset&quot;:0,&quot;sticky_effects_offset&quot;:0}\">\n\t\t\t\t\t\t<div class=\"elementor-container elementor-column-gap-default\">\n\t\t\t\t\t<div class=\"elementor-column elementor-col-100 elementor-top-column elementor-element elementor-element-006cf78\" data-id=\"006cf78\" data-element_type=\"column\">\n\t\t\t<div class=\"elementor-widget-wrap elementor-element-populated\">\n\t\t\t\t\t\t\t\t<div class=\"elementor-element elementor-element-396cb4d elementor-widget elementor-widget-wp-widget-maxmegamenu\" data-id=\"396cb4d\" data-element_type=\"widget\" data-settings=\"{&quot;_animation&quot;:&quot;none&quot;}\" data-widget_type=\"wp-widget-maxmegamenu.default\">\n\t\t\t\t<div class=\"elementor-widget-container\">\n\t\t\t<div id=\"mega-menu-wrap-menu-1\" class=\"mega-menu-wrap\"><div class=\"mega-menu-toggle\"><div class=\"mega-toggle-blocks-left\"><\/div><div class=\"mega-toggle-blocks-center\"><\/div><div class=\"mega-toggle-blocks-right\"><div class='mega-toggle-block mega-menu-toggle-block mega-toggle-block-1' id='mega-toggle-block-1' tabindex='0'><span class='mega-toggle-label' role='button' aria-expanded='false'><span class='mega-toggle-label-closed'>MENU<\/span><span class='mega-toggle-label-open'>MENU<\/span><\/span><\/div><\/div><\/div><ul id=\"mega-menu-menu-1\" class=\"mega-menu max-mega-menu mega-menu-horizontal mega-no-js\" data-event=\"hover_intent\" data-effect=\"fade_up\" data-effect-speed=\"200\" data-effect-mobile=\"slide_right\" data-effect-speed-mobile=\"200\" data-mobile-force-width=\"false\" data-second-click=\"go\" data-document-click=\"collapse\" data-vertical-behaviour=\"standard\" data-breakpoint=\"600\" data-unbind=\"true\" data-mobile-state=\"collapse_all\" data-hover-intent-timeout=\"300\" data-hover-intent-interval=\"100\"><li class='mega-menu-item mega-menu-item-type-post_type mega-menu-item-object-page mega-menu-item-home mega-align-bottom-left mega-menu-flyout mega-has-icon mega-icon-left mega-hide-text mega-menu-item-886' id='mega-menu-item-886'><a class=\"dashicons-admin-home mega-menu-link\" href=\"https:\/\/www.abogada-silviasantiago.com\/\" tabindex=\"0\" aria-label=\"Abogada Silvia Santiago\"><\/a><\/li><li class='mega-menu-item mega-menu-item-type-post_type mega-menu-item-object-page mega-align-bottom-left mega-menu-flyout mega-menu-item-969' id='mega-menu-item-969'><a target=\"_blank\" class=\"mega-menu-link\" href=\"https:\/\/www.abogada-silviasantiago.com\/index.php\/quien-soy\/\" tabindex=\"0\">\u00bfQui\u00e9n soy?<\/a><\/li><li class='mega-menu-item mega-menu-item-type-custom mega-menu-item-object-custom mega-menu-item-home mega-align-bottom-left mega-menu-flyout mega-menu-item-1093' id='mega-menu-item-1093'><a class=\"mega-menu-link\" href=\"https:\/\/www.abogada-silviasantiago.com\/#Formulario%20de%20contacto\" tabindex=\"0\">Haz tu consulta<\/a><\/li><li class='mega-menu-item mega-menu-item-type-custom mega-menu-item-object-custom mega-align-bottom-left mega-menu-flyout mega-item-align-right mega-menu-item-949' id='mega-menu-item-949'><a target=\"_blank\" class=\"mega-menu-link\" href=\"https:\/\/www.linkedin.com\/in\/silvia-santiago-p%C3%A9rez-72772315a\" tabindex=\"0\">linkedin<\/a><\/li><li class='mega-menu-item mega-menu-item-type-custom mega-menu-item-object-custom mega-align-bottom-left mega-menu-flyout mega-has-icon mega-icon-left mega-hide-text mega-item-align-right mega-menu-item-948' id='mega-menu-item-948'><a target=\"_blank\" class=\"dashicons-twitter mega-menu-link\" href=\"https:\/\/twitter.com\/AbogadaSilviaSP\" tabindex=\"0\" aria-label=\"twitter\"><\/a><\/li><li class='mega-menu-item mega-menu-item-type-custom mega-menu-item-object-custom mega-align-bottom-left mega-menu-flyout mega-has-icon mega-icon-left mega-hide-text mega-item-align-right mega-menu-item-947' id='mega-menu-item-947'><a target=\"_blank\" class=\"dashicons-facebook-alt mega-menu-link\" href=\"https:\/\/es-es.facebook.com\/AbogadaSilviaSantiagoPerez\/\" tabindex=\"0\" aria-label=\"facebook\"><\/a><\/li><\/ul><\/div>\t\t<\/div>\n\t\t\t\t<\/div>\n\t\t\t\t\t<\/div>\n\t\t<\/div>\n\t\t\t\t\t\t\t<\/div>\n\t\t<\/section>\n\t\t\t\t<section class=\"elementor-section elementor-top-section elementor-element elementor-element-d78b960 elementor-section-full_width elementor-section-height-min-height elementor-section-height-default elementor-section-items-middle\" data-id=\"d78b960\" data-element_type=\"section\">\n\t\t\t\t\t\t<div class=\"elementor-container elementor-column-gap-default\">\n\t\t\t\t\t<div class=\"elementor-column elementor-col-100 elementor-top-column elementor-element elementor-element-c8b21ff\" data-id=\"c8b21ff\" data-element_type=\"column\">\n\t\t\t<div class=\"elementor-widget-wrap elementor-element-populated\">\n\t\t\t\t\t\t\t\t<div class=\"elementor-element elementor-element-c3661ab elementor-widget elementor-widget-image\" data-id=\"c3661ab\" data-element_type=\"widget\" data-widget_type=\"image.default\">\n\t\t\t\t<div class=\"elementor-widget-container\">\n\t\t\t\t\t\t\t\t\t\t\t\t\t\t\t<img decoding=\"async\" width=\"500\" height=\"78\" src=\"https:\/\/www.abogada-silviasantiago.com\/wp-content\/uploads\/2018\/02\/240_F_144689217_wuihjPcEHk6umPNQbQ59jw8hK35AIud5-e1586535147788.jpg\" class=\"attachment-large size-large wp-image-290\" alt=\"\" srcset=\"https:\/\/www.abogada-silviasantiago.com\/wp-content\/uploads\/2018\/02\/240_F_144689217_wuihjPcEHk6umPNQbQ59jw8hK35AIud5-e1586535147788.jpg 500w, https:\/\/www.abogada-silviasantiago.com\/wp-content\/uploads\/2018\/02\/240_F_144689217_wuihjPcEHk6umPNQbQ59jw8hK35AIud5-e1586535147788-300x47.jpg 300w\" sizes=\"(max-width: 500px) 100vw, 500px\" \/>\t\t\t\t\t\t\t\t\t\t\t\t\t\t\t<\/div>\n\t\t\t\t<\/div>\n\t\t\t\t\t<\/div>\n\t\t<\/div>\n\t\t\t\t\t\t\t<\/div>\n\t\t<\/section>\n\t\t\t\t<section class=\"elementor-section elementor-top-section elementor-element elementor-element-5f11ddc elementor-section-boxed elementor-section-height-default elementor-section-height-default\" data-id=\"5f11ddc\" data-element_type=\"section\">\n\t\t\t\t\t\t<div class=\"elementor-container elementor-column-gap-default\">\n\t\t\t\t\t<div class=\"elementor-column elementor-col-50 elementor-top-column elementor-element elementor-element-b63bb01\" data-id=\"b63bb01\" data-element_type=\"column\">\n\t\t\t<div class=\"elementor-widget-wrap elementor-element-populated\">\n\t\t\t\t\t\t\t\t<div class=\"elementor-element elementor-element-fa0a45f elementor-widget elementor-widget-image\" data-id=\"fa0a45f\" data-element_type=\"widget\" data-widget_type=\"image.default\">\n\t\t\t\t<div class=\"elementor-widget-container\">\n\t\t\t\t\t\t\t\t\t\t\t\t\t\t\t<img fetchpriority=\"high\" decoding=\"async\" width=\"300\" height=\"200\" src=\"https:\/\/www.abogada-silviasantiago.com\/wp-content\/uploads\/2020\/04\/IMG_2937-300x200.jpg\" class=\"attachment-medium size-medium wp-image-970\" alt=\"\" srcset=\"https:\/\/www.abogada-silviasantiago.com\/wp-content\/uploads\/2020\/04\/IMG_2937-300x200.jpg 300w, https:\/\/www.abogada-silviasantiago.com\/wp-content\/uploads\/2020\/04\/IMG_2937-1024x683.jpg 1024w, https:\/\/www.abogada-silviasantiago.com\/wp-content\/uploads\/2020\/04\/IMG_2937-768x512.jpg 768w, https:\/\/www.abogada-silviasantiago.com\/wp-content\/uploads\/2020\/04\/IMG_2937-1536x1024.jpg 1536w, https:\/\/www.abogada-silviasantiago.com\/wp-content\/uploads\/2020\/04\/IMG_2937-2048x1365.jpg 2048w\" sizes=\"(max-width: 300px) 100vw, 300px\" \/>\t\t\t\t\t\t\t\t\t\t\t\t\t\t\t<\/div>\n\t\t\t\t<\/div>\n\t\t\t\t\t<\/div>\n\t\t<\/div>\n\t\t\t\t<div class=\"elementor-column elementor-col-50 elementor-top-column elementor-element elementor-element-4225335\" data-id=\"4225335\" data-element_type=\"column\">\n\t\t\t<div class=\"elementor-widget-wrap elementor-element-populated\">\n\t\t\t\t\t\t\t\t<div class=\"elementor-element elementor-element-c0dc31b elementor-widget elementor-widget-text-editor\" data-id=\"c0dc31b\" data-element_type=\"widget\" data-widget_type=\"text-editor.default\">\n\t\t\t\t<div class=\"elementor-widget-container\">\n\t\t\t\t\t\t\t<div class=\"mod\" lang=\"es-ES\" data-attrid=\"kc:\/local:merchant_description\" data-md=\"335\" data-hveid=\"CBsQAA\" data-ved=\"2ahUKEwiG6qGnh-noAhVBPBoKHWilAmMQt5ICMCh6BAgbEAA\"><div tabindex=\"0\" data-ved=\"2ahUKEwiG6qGnh-noAhVBPBoKHWilAmMQ9e0CKAAwKHoECBsQAQ\"><div><div class=\"BAyyse\"><div>Silvia Santiago P\u00e9rez es abogada licenciada en derecho en el a\u00f1o 1999 por la universidad de Castilla la Mancha. Cuenta con un m\u00e1ster en asesor\u00eda jur\u00eddica y recursos humanos, impartido en el a\u00f1o 2012. Despu\u00e9s de adquirir experiencia en el mundo de la abogac\u00eda desde que iniciara su andadura profesional a principios del a\u00f1o 2000, decide abrir su propio negocio en el a\u00f1o 2010, especializ\u00e1ndose en derecho laboral, familia y ejecuciones hipotecarias.<\/div><\/div><\/div><\/div><\/div><div class=\"NFQFxe mod\" lang=\"es-ES\" data-attrid=\"kc:\/local:posts\" data-md=\"230\" data-hveid=\"CBwQAA\" data-ved=\"2ahUKEwiG6qGnh-noAhVBPBoKHWilAmMQjMUBMCl6BAgcEAA\"><div class=\"Uy1kve\">\u00a0<\/div><\/div>\t\t\t\t\t\t<\/div>\n\t\t\t\t<\/div>\n\t\t\t\t\t<\/div>\n\t\t<\/div>\n\t\t\t\t\t\t\t<\/div>\n\t\t<\/section>\n\t\t\t\t<section class=\"elementor-section elementor-top-section elementor-element elementor-element-7a7d38b elementor-section-boxed elementor-section-height-default elementor-section-height-default\" data-id=\"7a7d38b\" data-element_type=\"section\">\n\t\t\t\t\t\t\t<div class=\"elementor-background-overlay\"><\/div>\n\t\t\t\t\t\t\t<div class=\"elementor-container elementor-column-gap-default\">\n\t\t\t\t\t<div class=\"elementor-column elementor-col-33 elementor-top-column elementor-element elementor-element-672396f elementor-hidden-phone\" data-id=\"672396f\" data-element_type=\"column\">\n\t\t\t<div class=\"elementor-widget-wrap elementor-element-populated\">\n\t\t\t\t\t\t\t\t<div class=\"elementor-element elementor-element-16b3ce1 elementor-view-default elementor-widget elementor-widget-icon\" data-id=\"16b3ce1\" data-element_type=\"widget\" data-widget_type=\"icon.default\">\n\t\t\t\t<div class=\"elementor-widget-container\">\n\t\t\t\t\t<div class=\"elementor-icon-wrapper\">\n\t\t\t<div class=\"elementor-icon\">\n\t\t\t<i aria-hidden=\"true\" class=\"far fa-copyright\"><\/i>\t\t\t<\/div>\n\t\t<\/div>\n\t\t\t\t<\/div>\n\t\t\t\t<\/div>\n\t\t\t\t\t<\/div>\n\t\t<\/div>\n\t\t\t\t<div class=\"elementor-column elementor-col-33 elementor-top-column elementor-element elementor-element-ffb8391 elementor-hidden-phone\" data-id=\"ffb8391\" data-element_type=\"column\">\n\t\t\t<div class=\"elementor-widget-wrap elementor-element-populated\">\n\t\t\t\t\t\t\t\t<div class=\"elementor-element elementor-element-7af15f2 elementor-widget elementor-widget-text-editor\" data-id=\"7af15f2\" data-element_type=\"widget\" data-widget_type=\"text-editor.default\">\n\t\t\t\t<div class=\"elementor-widget-container\">\n\t\t\t\t\t\t\t<p>P\u00e1gina creada por Daniel Santos Al\u00e0s<\/p>\t\t\t\t\t\t<\/div>\n\t\t\t\t<\/div>\n\t\t\t\t\t<\/div>\n\t\t<\/div>\n\t\t\t\t<div class=\"elementor-column elementor-col-33 elementor-top-column elementor-element elementor-element-d778eaa\" data-id=\"d778eaa\" data-element_type=\"column\">\n\t\t\t<div class=\"elementor-widget-wrap elementor-element-populated\">\n\t\t\t\t\t\t\t\t<div class=\"elementor-element elementor-element-b07bb03 elementor-nav-menu__align-right elementor-nav-menu--stretch elementor-nav-menu--dropdown-tablet elementor-nav-menu__text-align-aside elementor-nav-menu--toggle elementor-nav-menu--burger elementor-widget elementor-widget-nav-menu\" data-id=\"b07bb03\" data-element_type=\"widget\" data-settings=\"{&quot;full_width&quot;:&quot;stretch&quot;,&quot;layout&quot;:&quot;horizontal&quot;,&quot;submenu_icon&quot;:{&quot;value&quot;:&quot;&lt;i class=\\&quot;fas fa-caret-down\\&quot;&gt;&lt;\\\/i&gt;&quot;,&quot;library&quot;:&quot;fa-solid&quot;},&quot;toggle&quot;:&quot;burger&quot;}\" data-widget_type=\"nav-menu.default\">\n\t\t\t\t<div class=\"elementor-widget-container\">\n\t\t\t\t\t\t<nav class=\"elementor-nav-menu--main elementor-nav-menu__container elementor-nav-menu--layout-horizontal e--pointer-underline e--animation-fade\">\n\t\t\t\t<ul id=\"menu-1-b07bb03\" class=\"elementor-nav-menu\"><li class=\"menu-item menu-item-type-post_type menu-item-object-page menu-item-952\"><a target=\"_blank\" href=\"https:\/\/www.abogada-silviasantiago.com\/index.php\/uso-de-cookies\/\" class=\"elementor-item\">Uso de cookies<\/a><\/li>\n<li class=\"menu-item menu-item-type-post_type menu-item-object-page menu-item-951\"><a target=\"_blank\" href=\"https:\/\/www.abogada-silviasantiago.com\/index.php\/politica-de-privacidad\/\" class=\"elementor-item\">Pol\u00edtica de privacidad<\/a><\/li>\n<li class=\"menu-item menu-item-type-post_type menu-item-object-page menu-item-950\"><a target=\"_blank\" href=\"https:\/\/www.abogada-silviasantiago.com\/index.php\/aviso-legal\/\" class=\"elementor-item\">Aviso legal<\/a><\/li>\n<\/ul>\t\t\t<\/nav>\n\t\t\t\t\t<div class=\"elementor-menu-toggle\" role=\"button\" tabindex=\"0\" aria-label=\"Alternar men\u00fa\" aria-expanded=\"false\">\n\t\t\t<i aria-hidden=\"true\" role=\"presentation\" class=\"elementor-menu-toggle__icon--open eicon-menu-bar\"><\/i><i aria-hidden=\"true\" role=\"presentation\" class=\"elementor-menu-toggle__icon--close eicon-close\"><\/i>\t\t\t<span class=\"elementor-screen-only\">Men\u00fa<\/span>\n\t\t<\/div>\n\t\t\t\t\t<nav class=\"elementor-nav-menu--dropdown elementor-nav-menu__container\" aria-hidden=\"true\">\n\t\t\t\t<ul id=\"menu-2-b07bb03\" class=\"elementor-nav-menu\"><li class=\"menu-item menu-item-type-post_type menu-item-object-page menu-item-952\"><a target=\"_blank\" href=\"https:\/\/www.abogada-silviasantiago.com\/index.php\/uso-de-cookies\/\" class=\"elementor-item\" tabindex=\"-1\">Uso de cookies<\/a><\/li>\n<li class=\"menu-item menu-item-type-post_type menu-item-object-page menu-item-951\"><a target=\"_blank\" href=\"https:\/\/www.abogada-silviasantiago.com\/index.php\/politica-de-privacidad\/\" class=\"elementor-item\" tabindex=\"-1\">Pol\u00edtica de privacidad<\/a><\/li>\n<li class=\"menu-item menu-item-type-post_type menu-item-object-page menu-item-950\"><a target=\"_blank\" href=\"https:\/\/www.abogada-silviasantiago.com\/index.php\/aviso-legal\/\" class=\"elementor-item\" tabindex=\"-1\">Aviso legal<\/a><\/li>\n<\/ul>\t\t\t<\/nav>\n\t\t\t\t<\/div>\n\t\t\t\t<\/div>\n\t\t\t\t\t<\/div>\n\t\t<\/div>\n\t\t\t\t\t\t\t<\/div>\n\t\t<\/section>\n\t\t\t\t\t\t\t<\/div>\n\t\t","protected":false},"excerpt":{"rendered":"<p>Silvia Santiago P\u00e9rez es abogada licenciada en derecho en el a\u00f1o 1999 por la universidad de Castilla la Mancha. Cuenta con un m\u00e1ster en asesor\u00eda jur\u00eddica y recursos humanos, impartido en el a\u00f1o 2012. Despu\u00e9s de adquirir experiencia en el mundo de la abogac\u00eda desde que iniciara su andadura profesional a principios del a\u00f1o 2000, [&hellip;]<\/p>\n","protected":false},"author":1,"featured_media":0,"parent":0,"menu_order":0,"comment_status":"closed","ping_status":"closed","template":"elementor_canvas","meta":{"footnotes":""},"class_list":["post-954","page","type-page","status-publish","hentry"],"yoast_head":"<!-- This site is optimized with the Yoast SEO plugin v21.7 - https:\/\/yoast.com\/wordpress\/plugins\/seo\/ -->\n<title>\u00bfQui\u00e9n soy? - ABOGADA SILVIA SANTIAGO PEREZ<\/title>\n<meta name=\"robots\" content=\"index, follow, max-snippet:-1, max-image-preview:large, max-video-preview:-1\" \/>\n<link rel=\"canonical\" href=\"https:\/\/www.abogada-silviasantiago.com\/index.php\/quien-soy\/\" \/>\n<meta property=\"og:locale\" content=\"es_ES\" \/>\n<meta property=\"og:type\" content=\"article\" \/>\n<meta property=\"og:title\" content=\"\u00bfQui\u00e9n soy? - ABOGADA SILVIA SANTIAGO PEREZ\" \/>\n<meta property=\"og:description\" content=\"Silvia Santiago P\u00e9rez es abogada licenciada en derecho en el a\u00f1o 1999 por la universidad de Castilla la Mancha. Cuenta con un m\u00e1ster en asesor\u00eda jur\u00eddica y recursos humanos, impartido en el a\u00f1o 2012. Despu\u00e9s de adquirir experiencia en el mundo de la abogac\u00eda desde que iniciara su andadura profesional a principios del a\u00f1o 2000, [&hellip;]\" \/>\n<meta property=\"og:url\" content=\"https:\/\/www.abogada-silviasantiago.com\/index.php\/quien-soy\/\" \/>\n<meta property=\"og:site_name\" content=\"ABOGADA SILVIA SANTIAGO PEREZ\" \/>\n<meta property=\"article:modified_time\" content=\"2020-04-16T23:14:28+00:00\" \/>\n<meta property=\"og:image\" content=\"http:\/\/www.abogada-silviasantiago.com\/wp-content\/uploads\/2018\/02\/240_F_144689217_wuihjPcEHk6umPNQbQ59jw8hK35AIud5-e1586535147788.jpg\" \/>\n<meta name=\"twitter:card\" content=\"summary_large_image\" \/>\n<script type=\"application\/ld+json\" class=\"yoast-schema-graph\">{\"@context\":\"https:\/\/schema.org\",\"@graph\":[{\"@type\":\"WebPage\",\"@id\":\"https:\/\/www.abogada-silviasantiago.com\/index.php\/quien-soy\/\",\"url\":\"https:\/\/www.abogada-silviasantiago.com\/index.php\/quien-soy\/\",\"name\":\"\u00bfQui\u00e9n soy? - ABOGADA SILVIA SANTIAGO PEREZ\",\"isPartOf\":{\"@id\":\"https:\/\/www.abogada-silviasantiago.com\/#website\"},\"datePublished\":\"2020-04-14T23:33:11+00:00\",\"dateModified\":\"2020-04-16T23:14:28+00:00\",\"breadcrumb\":{\"@id\":\"https:\/\/www.abogada-silviasantiago.com\/index.php\/quien-soy\/#breadcrumb\"},\"inLanguage\":\"es\",\"potentialAction\":[{\"@type\":\"ReadAction\",\"target\":[\"https:\/\/www.abogada-silviasantiago.com\/index.php\/quien-soy\/\"]}]},{\"@type\":\"BreadcrumbList\",\"@id\":\"https:\/\/www.abogada-silviasantiago.com\/index.php\/quien-soy\/#breadcrumb\",\"itemListElement\":[{\"@type\":\"ListItem\",\"position\":1,\"name\":\"Portada\",\"item\":\"https:\/\/www.abogada-silviasantiago.com\/\"},{\"@type\":\"ListItem\",\"position\":2,\"name\":\"\u00bfQui\u00e9n soy?\"}]},{\"@type\":\"WebSite\",\"@id\":\"https:\/\/www.abogada-silviasantiago.com\/#website\",\"url\":\"https:\/\/www.abogada-silviasantiago.com\/\",\"name\":\"ABOGADA SILVIA SANTIAGO PEREZ\",\"description\":\"LABORAL, FAMILIA, EJECUCIONES HIPOTECARIAS\",\"potentialAction\":[{\"@type\":\"SearchAction\",\"target\":{\"@type\":\"EntryPoint\",\"urlTemplate\":\"https:\/\/www.abogada-silviasantiago.com\/?s={search_term_string}\"},\"query-input\":\"required name=search_term_string\"}],\"inLanguage\":\"es\"}]}<\/script>\n<!-- \/ Yoast SEO plugin. -->","yoast_head_json":{"title":"\u00bfQui\u00e9n soy? - ABOGADA SILVIA SANTIAGO PEREZ","robots":{"index":"index","follow":"follow","max-snippet":"max-snippet:-1","max-image-preview":"max-image-preview:large","max-video-preview":"max-video-preview:-1"},"canonical":"https:\/\/www.abogada-silviasantiago.com\/index.php\/quien-soy\/","og_locale":"es_ES","og_type":"article","og_title":"\u00bfQui\u00e9n soy? - ABOGADA SILVIA SANTIAGO PEREZ","og_description":"Silvia Santiago P\u00e9rez es abogada licenciada en derecho en el a\u00f1o 1999 por la universidad de Castilla la Mancha. Cuenta con un m\u00e1ster en asesor\u00eda jur\u00eddica y recursos humanos, impartido en el a\u00f1o 2012. Despu\u00e9s de adquirir experiencia en el mundo de la abogac\u00eda desde que iniciara su andadura profesional a principios del a\u00f1o 2000, [&hellip;]","og_url":"https:\/\/www.abogada-silviasantiago.com\/index.php\/quien-soy\/","og_site_name":"ABOGADA SILVIA SANTIAGO PEREZ","article_modified_time":"2020-04-16T23:14:28+00:00","og_image":[{"url":"http:\/\/www.abogada-silviasantiago.com\/wp-content\/uploads\/2018\/02\/240_F_144689217_wuihjPcEHk6umPNQbQ59jw8hK35AIud5-e1586535147788.jpg"}],"twitter_card":"summary_large_image","schema":{"@context":"https:\/\/schema.org","@graph":[{"@type":"WebPage","@id":"https:\/\/www.abogada-silviasantiago.com\/index.php\/quien-soy\/","url":"https:\/\/www.abogada-silviasantiago.com\/index.php\/quien-soy\/","name":"\u00bfQui\u00e9n soy? - ABOGADA SILVIA SANTIAGO PEREZ","isPartOf":{"@id":"https:\/\/www.abogada-silviasantiago.com\/#website"},"datePublished":"2020-04-14T23:33:11+00:00","dateModified":"2020-04-16T23:14:28+00:00","breadcrumb":{"@id":"https:\/\/www.abogada-silviasantiago.com\/index.php\/quien-soy\/#breadcrumb"},"inLanguage":"es","potentialAction":[{"@type":"ReadAction","target":["https:\/\/www.abogada-silviasantiago.com\/index.php\/quien-soy\/"]}]},{"@type":"BreadcrumbList","@id":"https:\/\/www.abogada-silviasantiago.com\/index.php\/quien-soy\/#breadcrumb","itemListElement":[{"@type":"ListItem","position":1,"name":"Portada","item":"https:\/\/www.abogada-silviasantiago.com\/"},{"@type":"ListItem","position":2,"name":"\u00bfQui\u00e9n soy?"}]},{"@type":"WebSite","@id":"https:\/\/www.abogada-silviasantiago.com\/#website","url":"https:\/\/www.abogada-silviasantiago.com\/","name":"ABOGADA SILVIA SANTIAGO PEREZ","description":"LABORAL, FAMILIA, EJECUCIONES HIPOTECARIAS","potentialAction":[{"@type":"SearchAction","target":{"@type":"EntryPoint","urlTemplate":"https:\/\/www.abogada-silviasantiago.com\/?s={search_term_string}"},"query-input":"required name=search_term_string"}],"inLanguage":"es"}]}},"_links":{"self":[{"href":"https:\/\/www.abogada-silviasantiago.com\/index.php\/wp-json\/wp\/v2\/pages\/954","targetHints":{"allow":["GET"]}}],"collection":[{"href":"https:\/\/www.abogada-silviasantiago.com\/index.php\/wp-json\/wp\/v2\/pages"}],"about":[{"href":"https:\/\/www.abogada-silviasantiago.com\/index.php\/wp-json\/wp\/v2\/types\/page"}],"author":[{"embeddable":true,"href":"https:\/\/www.abogada-silviasantiago.com\/index.php\/wp-json\/wp\/v2\/users\/1"}],"replies":[{"embeddable":true,"href":"https:\/\/www.abogada-silviasantiago.com\/index.php\/wp-json\/wp\/v2\/comments?post=954"}],"version-history":[{"count":29,"href":"https:\/\/www.abogada-silviasantiago.com\/index.php\/wp-json\/wp\/v2\/pages\/954\/revisions"}],"predecessor-version":[{"id":994,"href":"https:\/\/www.abogada-silviasantiago.com\/index.php\/wp-json\/wp\/v2\/pages\/954\/revisions\/994"}],"wp:attachment":[{"href":"https:\/\/www.abogada-silviasantiago.com\/index.php\/wp-json\/wp\/v2\/media?parent=954"}],"curies":[{"name":"wp","href":"https:\/\/api.w.org\/{rel}","templated":true}]}}